{"id":788,"date":"2013-06-06T14:16:45","date_gmt":"2013-06-06T14:16:45","guid":{"rendered":"http:\/\/provin-lnt.hr\/?page_id=788"},"modified":"2018-04-03T18:00:36","modified_gmt":"2018-04-03T18:00:36","slug":"la-degustazione-vini","status":"publish","type":"page","link":"https:\/\/provin-lnt.hr\/it\/la-degustazione-vini\/","title":{"rendered":"La degustazione vini"},"content":{"rendered":"<p>Per tutti quelli che amano il buon vino, offriamo le visite alla nostra cantina con la a degustazione dei<span style=\"color: #000000;\"><em> vini\u00a0pregiati e<\/em> <\/span><em><span style=\"color: #000000;\">di qualit\u00e0<\/span> <strong>\u0160ari\u0107<\/strong><\/em> e anche l\u00a0possibilit\u00e0 di assaggiare le specialit\u00e0 gastronomiche, tipiche ed autentiche di questa regione. Le vostre visite saranno accompagnate dalla storia della nostra cantina e della produzione del vino.<\/p>\n<p>Cercando di regalarvi l&#8217;incantesimo della nostra tradizione, la qualit\u00e0 e l&#8217;ospitalit\u00e0, abbiamo preparato per voi:<\/p>\n<ul>\n<li>Vini <span style=\"color: #000000;\">di alta qualit\u00e0<\/span>: vino bianco <span style=\"color: #000000;\"><em>Rukatac<\/em><\/span>, vino nero <em><span style=\"color: #000000;\">Plavac Mal<\/span>i<\/em> e<span style=\"color: #000000;\"><em> Merlot<\/em><\/span><\/li>\n<li><span style=\"color: #000000;\"><em>Opolo<\/em> <\/span>di vino rosa<span style=\"color: #000000;\"> di alta qualit\u00e0<\/span><\/li>\n<li>i formaggi tipici di questa regione, dell&#8217;isola di Pago e di Livno<\/li>\n<li>il prosciutto dalmato, le olive verdi e nere<\/li>\n<li>le acciughe salate, la pat\u00e9 di pesci e i capperi dell&#8217;isola di Lastovo<\/li>\n<li>i dolci tipici per l&#8217;isola di Lastovo : le skalice (i mafisi) e le prkle (le sfinci)<\/li>\n<\/ul>\n<p>Vi aspettiamo cordialmente!<br \/>\nPer la degustazione dei vini, potete contattarci:<br \/>\n<span style=\"color: #000000;\">Nives \u0160ari\u0107<\/span> (00385 95 843 37 46) e <span style=\"color: #000000;\">Nenad \u0160ari\u0107 <\/span>(00385 98 167 96 23);<br \/>\n<span style=\"color: #000080;\">info@provin-Int.hr<\/span><\/p>\n","protected":false},"excerpt":{"rendered":"<p>Per tutti quelli che amano il buon vino, offriamo le visite alla nostra cantina con la a degustazione dei vini\u00a0pregiati e di qualit\u00e0 \u0160ari\u0107 e anche l\u00a0possibilit\u00e0 di assaggiare le specialit\u00e0 gastronomiche, tipiche ed autentiche di questa regione. Le vostre visite saranno accompagnate dalla storia della nostra cantina e della produzione del vino. Cercando di regalarvi l&#8217;incantesimo della nostra tradizione, la qualit\u00e0 e l&#8217;ospitalit\u00e0, abbiamo preparato per voi: Vini di alta qualit\u00e0: vino bianco Rukatac, vino nero Plavac Mali e Merlot Opolo di vino rosa di alta qualit\u00e0 i formaggi tipici di questa regione, dell&#8217;isola di Pago e di... <\/p>\n","protected":false},"author":1,"featured_media":0,"parent":0,"menu_order":0,"comment_status":"closed","ping_status":"closed","template":"","meta":{"footnotes":""},"class_list":["post-788","page","type-page","status-publish","hentry"],"_links":{"self":[{"href":"https:\/\/provin-lnt.hr\/it\/wp-json\/wp\/v2\/pages\/788","targetHints":{"allow":["GET"]}}],"collection":[{"href":"https:\/\/provin-lnt.hr\/it\/wp-json\/wp\/v2\/pages"}],"about":[{"href":"https:\/\/provin-lnt.hr\/it\/wp-json\/wp\/v2\/types\/page"}],"author":[{"embeddable":true,"href":"https:\/\/provin-lnt.hr\/it\/wp-json\/wp\/v2\/users\/1"}],"replies":[{"embeddable":true,"href":"https:\/\/provin-lnt.hr\/it\/wp-json\/wp\/v2\/comments?post=788"}],"version-history":[{"count":0,"href":"https:\/\/provin-lnt.hr\/it\/wp-json\/wp\/v2\/pages\/788\/revisions"}],"wp:attachment":[{"href":"https:\/\/provin-lnt.hr\/it\/wp-json\/wp\/v2\/media?parent=788"}],"curies":[{"name":"wp","href":"https:\/\/api.w.org\/{rel}","templated":true}]}}