{"id":59,"date":"2012-08-15T13:42:51","date_gmt":"2012-08-15T13:42:51","guid":{"rendered":"http:\/\/provin-lnt.hr\/?page_id=59"},"modified":"2018-04-07T17:24:14","modified_gmt":"2018-04-07T17:24:14","slug":"chi-siamo","status":"publish","type":"page","link":"https:\/\/provin-lnt.hr\/it\/chi-siamo\/","title":{"rendered":"Chi siamo"},"content":{"rendered":"<div>Nei piccoli campi e le valle d Lastovo si nasconde il segreto del nostro successo. Qui, i nostri antenati avevano piantato con molto amore e molta cura i primi vitigni di rukatac e plavac mali. Volendo preservare e mantenere la tradizione secolare, i discendenti della famiglia \u0160ari\u0107 hanno cominciato di sollevare i nuovi vigneti nel 1992, continuando la produzione e introducendo i metodi contemporanei nella produzione del vino.<\/div>\n<div>La vendita tradizionale del nostro vino \u00e8 stata sostituita dalla vendita di bottiglie con la nostra etichetta del nome originale Ladesta.<\/div>\n<h2>La cantina \u0160ari\u0107<\/h2>\n<div>Nel 2008 \u00e8 stata completata la ricostruzione dei sotterranei, sulla base dei vecchi fondamenti \u00e8 stata edificata una moderna, ben atrezzata cantina che non solo che rivive la produzione famigliare, ma nello stesso tempo offre anche i prodotti nuovi e le possibilit\u00e0 nuove. La cantina si trova ai piedi del villaggio Lagosta (Lastovo), nella zona Gornja Luka, nota anche come il lugo dove si svolge un particolare evento durante il carnevale \u201ecujanje poklada\u201c o la discesa di Poklad (Carnevale).<\/div>\n<div><\/div>\n<div>Le botti di accaio vengono usati per la produzione e la conservazione del vino nuovo: il vino bianco Rukatac e il vino ros\u00e9 Opolo.<\/div>\n<div>Le botte, fatte di legno di quercia di Slavonia vengono utilizzate per la produzione tradizionale del vino rosso Plavac Mali e negli ultimi tempi anche per il vino rosso Merlot.<\/div>\n<h2>La degustazione<\/h2>\n<div>Per tutti quelli che amano il buon vino e per tutti quelli che cominceranno ad amarlo, offriamo le visite alla nostra cantina con la degustazione dei nostri Vini di alta qualit\u00e0 e anche la possibilit\u00e0 di assaggiare i piatti tipici per l&#8217;isola di Lastovo. I nostri squisiti piatti, pieni di sapori e aromi gustosi e deliziosi dell&#8217;Adriatico saranno di nuovo evocati e vissuti nella nostra cantina famigliare con la tradizione, qualit\u00e0 e ospitalit\u00e0 che vi offriamo cordialmenete.<\/div>\n<div>Vi aspettiamo! Salute!<\/div>\n","protected":false},"excerpt":{"rendered":"<p>Nei piccoli campi e le valle d Lastovo si nasconde il segreto del nostro successo. Qui, i nostri antenati avevano piantato con molto amore e molta cura i primi vitigni di rukatac e plavac mali. Volendo preservare e mantenere la tradizione secolare, i discendenti della famiglia \u0160ari\u0107 hanno cominciato di sollevare i nuovi vigneti nel 1992, continuando la produzione e introducendo i metodi contemporanei nella produzione del vino. La vendita tradizionale del nostro vino \u00e8 stata sostituita dalla vendita di bottiglie con la nostra etichetta del nome originale Ladesta. La cantina \u0160ari\u0107 Nel 2008 \u00e8 stata completata la ricostruzione... <\/p>\n","protected":false},"author":2,"featured_media":0,"parent":0,"menu_order":0,"comment_status":"closed","ping_status":"closed","template":"","meta":{"footnotes":""},"class_list":["post-59","page","type-page","status-publish","hentry"],"_links":{"self":[{"href":"https:\/\/provin-lnt.hr\/it\/wp-json\/wp\/v2\/pages\/59","targetHints":{"allow":["GET"]}}],"collection":[{"href":"https:\/\/provin-lnt.hr\/it\/wp-json\/wp\/v2\/pages"}],"about":[{"href":"https:\/\/provin-lnt.hr\/it\/wp-json\/wp\/v2\/types\/page"}],"author":[{"embeddable":true,"href":"https:\/\/provin-lnt.hr\/it\/wp-json\/wp\/v2\/users\/2"}],"replies":[{"embeddable":true,"href":"https:\/\/provin-lnt.hr\/it\/wp-json\/wp\/v2\/comments?post=59"}],"version-history":[{"count":0,"href":"https:\/\/provin-lnt.hr\/it\/wp-json\/wp\/v2\/pages\/59\/revisions"}],"wp:attachment":[{"href":"https:\/\/provin-lnt.hr\/it\/wp-json\/wp\/v2\/media?parent=59"}],"curies":[{"name":"wp","href":"https:\/\/api.w.org\/{rel}","templated":true}]}}