{"id":85,"date":"2012-08-19T16:32:12","date_gmt":"2012-08-19T16:32:12","guid":{"rendered":"http:\/\/provin-lnt.hr\/?page_id=85"},"modified":"2018-04-03T17:56:54","modified_gmt":"2018-04-03T17:56:54","slug":"wine-tasting","status":"publish","type":"page","link":"https:\/\/provin-lnt.hr\/en\/wine-tasting\/","title":{"rendered":"Wine tasting"},"content":{"rendered":"<div>For all winelovers and those who are about to become , we offer the wine cellar tour that includes tastin<span style=\"color: #000000;\"> <em>top quality<\/em> <\/span><em><span style=\"color: #000000;\">and quality<\/span> <strong>wines \u0160ari\u0107<\/strong><\/em>\u00a0 and delicious local specialities.<\/div>\n<div><\/div>\n<div>Trying to evoke the tradition and to offer the high quality in a very pleasant atmosphere, we are serving:<\/div>\n<ul>\n<li><span style=\"color: #000000;\">Top quality wines<\/span>: white wine <span style=\"color: #000000;\"><em>Rukatac<\/em><\/span>, black wine <span style=\"color: #000000;\"><em>Plavac Mali<\/em><\/span> and <span style=\"color: #000000;\"><em>Merlot<\/em><\/span><\/li>\n<li><span style=\"color: #000000;\">High quality<\/span> rose wine <span style=\"color: #000000;\"><em>Opolo<\/em><\/span><\/li>\n<li>homemade goat cheeses, Pag cheese and Livno cheese<\/li>\n<li>dalmatian smoked ham (prosciutto) with green and black olives<\/li>\n<li>salted anchovies , fish pat\u00e9, homemade capers<\/li>\n<li>fritule (prkle) and krostule (skalice) which are typical desserts in this region; small, sweet cakes made of pastry and fried in oil<\/li>\n<\/ul>\n<div><\/div>\n<div><\/div>\n<div>We are expecting you! Cheers!<\/div>\n<div>Contact us for the wine degustation: Nives \u0160ari\u0107 (00385 95 843 37 46) and Nenad \u0160ari\u0107 (00385 98 167 96 23); <span style=\"color: #333399;\">info@provin-lnt.hr<\/span><\/div>\n","protected":false},"excerpt":{"rendered":"<p>For all winelovers and those who are about to become , we offer the wine cellar tour that includes tastin top quality and quality wines \u0160ari\u0107\u00a0 and delicious local specialities. Trying to evoke the tradition and to offer the high quality in a very pleasant atmosphere, we are serving: Top quality wines: white wine Rukatac, black wine Plavac Mali and Merlot High quality rose wine Opolo homemade goat cheeses, Pag cheese and Livno cheese dalmatian smoked ham (prosciutto) with green and black olives salted anchovies , fish pat\u00e9, homemade capers fritule (prkle) and krostule (skalice) which are typical desserts... <\/p>\n","protected":false},"author":1,"featured_media":0,"parent":0,"menu_order":0,"comment_status":"closed","ping_status":"closed","template":"","meta":{"footnotes":""},"class_list":["post-85","page","type-page","status-publish","hentry"],"_links":{"self":[{"href":"https:\/\/provin-lnt.hr\/en\/wp-json\/wp\/v2\/pages\/85","targetHints":{"allow":["GET"]}}],"collection":[{"href":"https:\/\/provin-lnt.hr\/en\/wp-json\/wp\/v2\/pages"}],"about":[{"href":"https:\/\/provin-lnt.hr\/en\/wp-json\/wp\/v2\/types\/page"}],"author":[{"embeddable":true,"href":"https:\/\/provin-lnt.hr\/en\/wp-json\/wp\/v2\/users\/1"}],"replies":[{"embeddable":true,"href":"https:\/\/provin-lnt.hr\/en\/wp-json\/wp\/v2\/comments?post=85"}],"version-history":[{"count":0,"href":"https:\/\/provin-lnt.hr\/en\/wp-json\/wp\/v2\/pages\/85\/revisions"}],"wp:attachment":[{"href":"https:\/\/provin-lnt.hr\/en\/wp-json\/wp\/v2\/media?parent=85"}],"curies":[{"name":"wp","href":"https:\/\/api.w.org\/{rel}","templated":true}]}}