{"id":790,"date":"2013-06-06T14:18:44","date_gmt":"2013-06-06T14:18:44","guid":{"rendered":"http:\/\/provin-lnt.hr\/?page_id=790"},"modified":"2018-04-03T18:00:07","modified_gmt":"2018-04-03T18:00:07","slug":"weinprobe","status":"publish","type":"page","link":"https:\/\/provin-lnt.hr\/de\/weinprobe\/","title":{"rendered":"Weinprobe"},"content":{"rendered":"<div>\u00a0 \u00a0 Weinkennern \u00a0und denen, die es noch werden wollen, bieten wir in unseren Kellerr\u00e4umen die M\u00f6glichkeit der organisierten Weinprobe und die Degustation der\u00a0 von <em><span style=\"color: #000000;\">Spitzen\u00a0&#8211; und Quality\u00a0<\/span><strong>weinen<\/strong> <strong>\u0160ari\u0107<\/strong><\/em> an, wie auch die hausgemachten Spezialit\u00e4ten, sowie die Geschichte \u00fcber den Keller und die Herstellung der Weine.<\/div>\n<div>Wir bem\u00fchen uns Ihnen die Tradition n\u00e4her zu zeigen, indem wir Ihnen die Kvalit\u00e4t anbieten, und anhand der herzlichen Gastfreundschaft der Gastgeber haben wir f\u00fcr Sie N\u00e4chstes vorbereitet:<\/div>\n<div><\/div>\n<div><\/div>\n<ul>\n<li><span style=\"color: #000000;\">Spitzenweine<\/span>: Wei\u00dfwein <span style=\"color: #000000;\"><em>Rukatac<\/em><\/span>, Schwarzwein <span style=\"color: #000000;\"><em>Plavac Mali<\/em> <\/span>und <span style=\"color: #000000;\"><em>Merlot<\/em><\/span><\/li>\n<li><span style=\"color: #000000;\">Quality<\/span><em>\u00a0<\/em>Ros\u00e9wein<span style=\"color: #000000;\"> <em>Opolo<\/em><\/span><\/li>\n<li>Hausgemachten Ziegenk\u00e4se, K\u00e4se von der Insel Pag, K\u00e4se aus Livno<\/li>\n<li>Pr\u0161ut \u00a0mit gr\u00fcnen und schwarzen Oliven (ger\u00e4ucherter und im Bora-Wind getrockneter Schinken)<\/li>\n<li>Gesalzene Sardellen, Fischpastete und hausgemachte Kapern<\/li>\n<li>prkle (fritule) \u2013 lokale pikante Kr\u00e4pfchen und skalice (kro\u0161tule) \u2013 d\u00fcnne knusprige Keksstreifen von der Insel Lastovo<\/li>\n<\/ul>\n<div><\/div>\n<div>\u00a0 \u00a0 Wir freuen uns herzlich auf Sie!<\/div>\n<div><\/div>\n<div>Sie interessieren sich f\u00fcr eine Weinprobe? Dann kontaktieren Sie uns:<\/div>\n<div><span style=\"color: #000000;\">Nives \u0160ari\u0107<\/span> (00385 95 843 37 46) und <span style=\"color: #000000;\">Nenad \u0160ari\u0107<\/span> (00385 98 167 96 23); <span style=\"color: #000080;\">info@provin-lnt.hr<\/span><\/div>\n","protected":false},"excerpt":{"rendered":"<p>\u00a0 \u00a0 Weinkennern \u00a0und denen, die es noch werden wollen, bieten wir in unseren Kellerr\u00e4umen die M\u00f6glichkeit der organisierten Weinprobe und die Degustation der\u00a0 von Spitzen\u00a0&#8211; und Quality\u00a0weinen \u0160ari\u0107 an, wie auch die hausgemachten Spezialit\u00e4ten, sowie die Geschichte \u00fcber den Keller und die Herstellung der Weine. Wir bem\u00fchen uns Ihnen die Tradition n\u00e4her zu zeigen, indem wir Ihnen die Kvalit\u00e4t anbieten, und anhand der herzlichen Gastfreundschaft der Gastgeber haben wir f\u00fcr Sie N\u00e4chstes vorbereitet: Spitzenweine: Wei\u00dfwein Rukatac, Schwarzwein Plavac Mali und Merlot Quality\u00a0Ros\u00e9wein Opolo Hausgemachten Ziegenk\u00e4se, K\u00e4se von der Insel Pag, K\u00e4se aus Livno Pr\u0161ut \u00a0mit gr\u00fcnen und schwarzen... <\/p>\n","protected":false},"author":1,"featured_media":0,"parent":0,"menu_order":0,"comment_status":"closed","ping_status":"closed","template":"","meta":{"footnotes":""},"class_list":["post-790","page","type-page","status-publish","hentry"],"_links":{"self":[{"href":"https:\/\/provin-lnt.hr\/de\/wp-json\/wp\/v2\/pages\/790","targetHints":{"allow":["GET"]}}],"collection":[{"href":"https:\/\/provin-lnt.hr\/de\/wp-json\/wp\/v2\/pages"}],"about":[{"href":"https:\/\/provin-lnt.hr\/de\/wp-json\/wp\/v2\/types\/page"}],"author":[{"embeddable":true,"href":"https:\/\/provin-lnt.hr\/de\/wp-json\/wp\/v2\/users\/1"}],"replies":[{"embeddable":true,"href":"https:\/\/provin-lnt.hr\/de\/wp-json\/wp\/v2\/comments?post=790"}],"version-history":[{"count":0,"href":"https:\/\/provin-lnt.hr\/de\/wp-json\/wp\/v2\/pages\/790\/revisions"}],"wp:attachment":[{"href":"https:\/\/provin-lnt.hr\/de\/wp-json\/wp\/v2\/media?parent=790"}],"curies":[{"name":"wp","href":"https:\/\/api.w.org\/{rel}","templated":true}]}}