{"id":57,"date":"2012-08-15T13:41:36","date_gmt":"2012-08-15T13:41:36","guid":{"rendered":"http:\/\/provin-lnt.hr\/?page_id=57"},"modified":"2018-04-03T21:52:33","modified_gmt":"2018-04-03T21:52:33","slug":"uber-uns","status":"publish","type":"page","link":"https:\/\/provin-lnt.hr\/de\/uber-uns\/","title":{"rendered":"\u00dcber uns"},"content":{"rendered":"<p>In den kleinen T\u00e4lern und Feldern der Insel Lastovo, liegt das Geheimnis unseres Erfolges.<\/p>\n<p>Hier haben unsere Vorfahren m\u00fchevoll und sorgf\u00e4ltig die ersten Weinberge der Sorte rukatac plavac small angelegt. Das Vorhaben der Nachkommen ab 1992 war, die jahrhundertealte Tradition mit neuer Verarbeitungstechnologie zu kombinieren. Der traditionelle Verkauf wurde ersetzt durch Flaschierung des Produkts.<\/p>\n<p>Im Jahr 2008. wurde die auf alten Fundamenten erbaute neuausgestattete Weinkellerei er\u00f6ffnet. Dies belebte die Produktion und bietet neue M\u00f6glichkeiten und Produkte. Die Kellerei befindet sich am Fu\u00dfe der Ortschaft Lastovo, einem Stadtteil der Gornja Luka genannt wird, und auch bekannt ist f\u00fcr das jahrhundertealte Stattfinden des ans\u00e4ssigen Faschings, der sogenannten \u201ePokladi\u201c.<\/p>\n<p>In der Kellerei wird der Wei\u00dfwein Rukatac und der Rosewein Opolo in Inoxf\u00e4ssern hergestellt und gelagert. Eichenf\u00e4sser aus der Region Slawonien werden f\u00fcr die Herstellung und Lagerung der roten Sorten Plavac Small und Merlot verwendet.<\/p>\n<p>Weinkennern und denen, die es noch werden wollen, bieten wir eine Kellereif\u00fchrung mit Weinprobe\u00a0Spitzenweine und weitere hausgemachte Spezialit\u00e4ten an.<\/p>\n<p>&nbsp;<\/p>\n","protected":false},"excerpt":{"rendered":"<p>In den kleinen T\u00e4lern und Feldern der Insel Lastovo, liegt das Geheimnis unseres Erfolges. Hier haben unsere Vorfahren m\u00fchevoll und sorgf\u00e4ltig die ersten Weinberge der Sorte rukatac plavac small angelegt. Das Vorhaben der Nachkommen ab 1992 war, die jahrhundertealte Tradition mit neuer Verarbeitungstechnologie zu kombinieren. Der traditionelle Verkauf wurde ersetzt durch Flaschierung des Produkts. Im Jahr 2008. wurde die auf alten Fundamenten erbaute neuausgestattete Weinkellerei er\u00f6ffnet. Dies belebte die Produktion und bietet neue M\u00f6glichkeiten und Produkte. Die Kellerei befindet sich am Fu\u00dfe der Ortschaft Lastovo, einem Stadtteil der Gornja Luka genannt wird, und auch bekannt ist f\u00fcr das jahrhundertealte... <\/p>\n","protected":false},"author":2,"featured_media":0,"parent":0,"menu_order":0,"comment_status":"closed","ping_status":"closed","template":"","meta":{"footnotes":""},"class_list":["post-57","page","type-page","status-publish","hentry"],"_links":{"self":[{"href":"https:\/\/provin-lnt.hr\/de\/wp-json\/wp\/v2\/pages\/57","targetHints":{"allow":["GET"]}}],"collection":[{"href":"https:\/\/provin-lnt.hr\/de\/wp-json\/wp\/v2\/pages"}],"about":[{"href":"https:\/\/provin-lnt.hr\/de\/wp-json\/wp\/v2\/types\/page"}],"author":[{"embeddable":true,"href":"https:\/\/provin-lnt.hr\/de\/wp-json\/wp\/v2\/users\/2"}],"replies":[{"embeddable":true,"href":"https:\/\/provin-lnt.hr\/de\/wp-json\/wp\/v2\/comments?post=57"}],"version-history":[{"count":0,"href":"https:\/\/provin-lnt.hr\/de\/wp-json\/wp\/v2\/pages\/57\/revisions"}],"wp:attachment":[{"href":"https:\/\/provin-lnt.hr\/de\/wp-json\/wp\/v2\/media?parent=57"}],"curies":[{"name":"wp","href":"https:\/\/api.w.org\/{rel}","templated":true}]}}